{"id":2373,"date":"2025-01-14T17:34:03","date_gmt":"2025-01-14T15:34:03","guid":{"rendered":"https:\/\/test.velvetskin.ee\/?post_type=product&#038;p=2373"},"modified":"2025-11-25T21:34:11","modified_gmt":"2025-11-25T19:34:11","slug":"gentle-exfoliating-micro-peeling","status":"publish","type":"product","link":"https:\/\/test.velvetskin.ee\/fi\/tuote\/gentle-exfoliating-micro-peeling\/","title":{"rendered":"Gentle Exfoliating Micro-peeling"},"content":{"rendered":"<p>Kooriv n\u00e4opuhastus koos argaania\u00f5li, sheav\u00f5i ja rohelise teega. Mikroosakesed eemaldavad \u00f5rnalt surnud rakud, j\u00e4ttes naha puhtaks ja mustusevabaks. V\u00e4rske rohelise tee aroomiga.<\/p>\n<p><strong>Kasutusjuhend:<\/strong><br \/>\nKanna n\u00e4ole ja kaelale ringjate liigutustega, v\u00e4ltides silma\u00fcmbrust. Loputa p\u00f5hjalikult sooja veega.<\/p>\n<p><strong>Aktiivkoostisained:<br \/>\n<\/strong>Sheav\u00f5i<br \/>\nArgaania\u00f5li<br \/>\nE-vitamiin<br \/>\nRoheline tee<\/p>","protected":false},"excerpt":{"rendered":"<p>Kooriv n\u00e4opuhastus koos argaania\u00f5li, sheav\u00f5i ja rohelise teega. Mikroosakesed eemaldavad \u00f5rnalt surnud rakud, j\u00e4ttes naha puhtaks ja mustusevabaks.<\/p>","protected":false},"featured_media":2375,"template":"","meta":{"_acf_changed":false},"product_brand":[159],"product_cat":[171],"product_tag":[178,190,181,182,179,180,183,189],"class_list":{"0":"post-2373","1":"product","2":"type-product","3":"status-publish","4":"has-post-thumbnail","6":"product_brand-inlab","7":"product_cat-nahakoorijad","8":"product_tag-akne-ja-akneilmingud","9":"product_tag-arritunud-ja-voi-kuiv-nahk","10":"product_tag-esimesed-kortsud-30","11":"product_tag-kortsud-ja-lotvunud-nahk","12":"product_tag-rasune-ja-kombineeritud-nahk","13":"product_tag-rosaatsea-ja-kuperroosa","14":"product_tag-tuhm-ja-sara-kaotanud-nahk","15":"product_tag-tundlik","17":"first","18":"instock","19":"sale","20":"taxable","21":"shipping-taxable","22":"purchasable","23":"product-type-simple"},"acf":[],"_links":{"self":[{"href":"https:\/\/test.velvetskin.ee\/fi\/wp-json\/wp\/v2\/product\/2373","targetHints":{"allow":["GET"]}}],"collection":[{"href":"https:\/\/test.velvetskin.ee\/fi\/wp-json\/wp\/v2\/product"}],"about":[{"href":"https:\/\/test.velvetskin.ee\/fi\/wp-json\/wp\/v2\/types\/product"}],"version-history":[{"count":6,"href":"https:\/\/test.velvetskin.ee\/fi\/wp-json\/wp\/v2\/product\/2373\/revisions"}],"predecessor-version":[{"id":3983,"href":"https:\/\/test.velvetskin.ee\/fi\/wp-json\/wp\/v2\/product\/2373\/revisions\/3983"}],"wp:featuredmedia":[{"embeddable":true,"href":"https:\/\/test.velvetskin.ee\/fi\/wp-json\/wp\/v2\/media\/2375"}],"wp:attachment":[{"href":"https:\/\/test.velvetskin.ee\/fi\/wp-json\/wp\/v2\/media?parent=2373"}],"wp:term":[{"taxonomy":"product_brand","embeddable":true,"href":"https:\/\/test.velvetskin.ee\/fi\/wp-json\/wp\/v2\/product_brand?post=2373"},{"taxonomy":"product_cat","embeddable":true,"href":"https:\/\/test.velvetskin.ee\/fi\/wp-json\/wp\/v2\/product_cat?post=2373"},{"taxonomy":"product_tag","embeddable":true,"href":"https:\/\/test.velvetskin.ee\/fi\/wp-json\/wp\/v2\/product_tag?post=2373"}],"curies":[{"name":"wp","href":"https:\/\/api.w.org\/{rel}","templated":true}]}}