{"id":238,"date":"2024-05-28T17:15:48","date_gmt":"2024-05-28T14:15:48","guid":{"rendered":"https:\/\/test.velvetskin.ee\/?post_type=product&#038;p=238"},"modified":"2025-11-25T21:34:08","modified_gmt":"2025-11-25T19:34:08","slug":"sos-skin-solution-sos-toonik-150ml","status":"publish","type":"product","link":"https:\/\/test.velvetskin.ee\/fi\/tuote\/sos-skin-solution-sos-toonik-150ml\/","title":{"rendered":"Skin Solution SOS Toner 150ml"},"content":{"rendered":"<h4><strong>Monivaikutteinen rauhoittava kasvovesi rauhoittaa ja kosteuttaa ihoa koko p\u00e4iv\u00e4n!<\/strong><\/h4>\n<p><strong>Monivaikutteinen rauhoittava kasvovesi, joka sis\u00e4lt\u00e4\u00e4 80% Centella asiatica + 3-TECA Complex\u2122 -yhdistett\u00e4, joka rauhoittaa herkk\u00e4\u00e4 ihoa mukavasti, ja 7 kasviuutetta, jotka kosteuttavat ihoa v\u00e4litt\u00f6m\u00e4sti.<\/strong><\/p>\n<ul>\n<li><strong>80% Centella asiatica -uutetta puhdistetun veden sijasta.<\/strong><br \/>\nCentella asiatica kolmoiskompleksi ja aloe vera -lehtiuute muodostavat 80% Centella asiatica -pohjaisen, ihoa rauhoittavan ja rauhoittavan tonicin.<br \/>\nherkk\u00e4\u00e4 ihoa ja parantaa sit\u00e4. Vesi on l\u00e4pin\u00e4kyv\u00e4, allergiatestattu ja liev\u00e4sti hapan (pH 5,7).<\/li>\n<li><strong>Poistaa hell\u00e4varaisesti j\u00e4\u00e4m\u00e4t ja kuolleet ihosolut.<\/strong> \u201cpuhdistavana kasvoveten\u00e4\u201d ja kosteuttaa kuivaa ihoa \u201cimukykyisen\u00e4 kasvoveten\u00e4\u201d.<\/li>\n<li><strong>Ei \u00e4rsytt\u00e4v\u00e4\u00e4, ei lis\u00e4aineita.<\/strong><br \/>\nIho\u00e4rsytystesti l\u00e4p\u00e4isty! Sis\u00e4lt\u00e4\u00e4 vain eritt\u00e4in puhtaita Centella asiatica -kasvista per\u00e4isin olevia aktiivisia ainesosia, jotka takaavat pehmeyden ja mukavuuden.<\/li>\n<li><strong>Ymp\u00e4rist\u00f6yst\u00e4v\u00e4llinen pakkaus<\/strong><br \/>\nVihre\u00e4t pakkaukset, jotka kunnioittavat ymp\u00e4rist\u00f6\u00e4 tuotannosta kulutukseen. Vihre\u00e4n teepaperin k\u00e4ytt\u00f6 voi v\u00e4hent\u00e4\u00e4 ymp\u00e4rist\u00f6n saastumista.<\/li>\n<\/ul>","protected":false},"excerpt":{"rendered":"<p>Mitmetoimeline rahustav toonik rahustab ja niisutab naha kogu p\u00e4evaks! Mitmetoimeline rahustav toonik, mis sisaldab 80% Centella asiaticat + 3-TECA Complex\u2122, mis rahustab tundlikku nahka mugavalt, ja 7 taimset ekstrakti annavad kohese niisutuse.<br \/>\n150ml<\/p>","protected":false},"featured_media":1003,"template":"","meta":{"_acf_changed":false},"product_brand":[158],"product_cat":[166],"product_tag":[178,190,181,182,186,179,180,189],"class_list":{"0":"post-238","1":"product","2":"type-product","3":"status-publish","4":"has-post-thumbnail","6":"product_brand-fau","7":"product_cat-naopuhastus","8":"product_tag-akne-ja-akneilmingud","9":"product_tag-arritunud-ja-voi-kuiv-nahk","10":"product_tag-esimesed-kortsud-30","11":"product_tag-kortsud-ja-lotvunud-nahk","12":"product_tag-pigmendiprobleemid","13":"product_tag-rasune-ja-kombineeritud-nahk","14":"product_tag-rosaatsea-ja-kuperroosa","15":"product_tag-tundlik","17":"first","18":"instock","19":"sale","20":"taxable","21":"shipping-taxable","22":"purchasable","23":"product-type-simple"},"acf":[],"_links":{"self":[{"href":"https:\/\/test.velvetskin.ee\/fi\/wp-json\/wp\/v2\/product\/238","targetHints":{"allow":["GET"]}}],"collection":[{"href":"https:\/\/test.velvetskin.ee\/fi\/wp-json\/wp\/v2\/product"}],"about":[{"href":"https:\/\/test.velvetskin.ee\/fi\/wp-json\/wp\/v2\/types\/product"}],"version-history":[{"count":11,"href":"https:\/\/test.velvetskin.ee\/fi\/wp-json\/wp\/v2\/product\/238\/revisions"}],"predecessor-version":[{"id":3921,"href":"https:\/\/test.velvetskin.ee\/fi\/wp-json\/wp\/v2\/product\/238\/revisions\/3921"}],"wp:featuredmedia":[{"embeddable":true,"href":"https:\/\/test.velvetskin.ee\/fi\/wp-json\/wp\/v2\/media\/1003"}],"wp:attachment":[{"href":"https:\/\/test.velvetskin.ee\/fi\/wp-json\/wp\/v2\/media?parent=238"}],"wp:term":[{"taxonomy":"product_brand","embeddable":true,"href":"https:\/\/test.velvetskin.ee\/fi\/wp-json\/wp\/v2\/product_brand?post=238"},{"taxonomy":"product_cat","embeddable":true,"href":"https:\/\/test.velvetskin.ee\/fi\/wp-json\/wp\/v2\/product_cat?post=238"},{"taxonomy":"product_tag","embeddable":true,"href":"https:\/\/test.velvetskin.ee\/fi\/wp-json\/wp\/v2\/product_tag?post=238"}],"curies":[{"name":"wp","href":"https:\/\/api.w.org\/{rel}","templated":true}]}}