{"id":2413,"date":"2025-01-15T15:23:08","date_gmt":"2025-01-15T13:23:08","guid":{"rendered":"https:\/\/test.velvetskin.ee\/?post_type=product&#038;p=2413"},"modified":"2025-11-25T21:34:11","modified_gmt":"2025-11-25T19:34:11","slug":"melan-serum","status":"publish","type":"product","link":"https:\/\/test.velvetskin.ee\/fi\/tuote\/melan-serum\/","title":{"rendered":"Melan Serum"},"content":{"rendered":"<p>N\u00e4oseerum, mis koosneb looduslikest koostisosadest, nagu taime- ja puuviljaekstraktid ning muud valgendavad toimeained, et \u00fchtlustada nahatooni. Rikkalik kiivist saadud c vitamiin, aitab kaasa kollageeni s\u00fcnteesile, tugev antioks\u00fcdant, kaitseb vabade radikaalide tekke eest. Lisaks sisaldab rikkalikult vitamiini E, mis annab nahale niisutust, aitab uuendada naharakke, aitab \u00e4ra hoida nahal p\u00f5letikulisi protsesse.<\/p>\n<p><strong>Kasutusjuhend:<\/strong> Kanna n\u00e4ole, kaelale ja dekolteele \u00f5rnalt masseerides.<\/p>\n<p><strong>Aktiivkoostisained:<br \/>\n<\/strong>Kiivi ekstrakt<br \/>\nLagritsa ekstrakt<\/p>","protected":false},"excerpt":{"rendered":"<p>N\u00e4oseerum, mis koosneb looduslikest koostisosadest, nagu taime- ja puuviljaekstraktid ning muud valgendavad toimeained, et \u00fchtlustada nahatooni.<\/p>","protected":false},"featured_media":2415,"template":"","meta":{"_acf_changed":false},"product_brand":[159],"product_cat":[167],"product_tag":[182,186],"class_list":{"0":"post-2413","1":"product","2":"type-product","3":"status-publish","4":"has-post-thumbnail","6":"product_brand-inlab","7":"product_cat-seerumid","8":"product_tag-kortsud-ja-lotvunud-nahk","9":"product_tag-pigmendiprobleemid","11":"first","12":"instock","13":"sale","14":"taxable","15":"shipping-taxable","16":"purchasable","17":"product-type-simple"},"acf":[],"_links":{"self":[{"href":"https:\/\/test.velvetskin.ee\/fi\/wp-json\/wp\/v2\/product\/2413","targetHints":{"allow":["GET"]}}],"collection":[{"href":"https:\/\/test.velvetskin.ee\/fi\/wp-json\/wp\/v2\/product"}],"about":[{"href":"https:\/\/test.velvetskin.ee\/fi\/wp-json\/wp\/v2\/types\/product"}],"version-history":[{"count":6,"href":"https:\/\/test.velvetskin.ee\/fi\/wp-json\/wp\/v2\/product\/2413\/revisions"}],"predecessor-version":[{"id":3988,"href":"https:\/\/test.velvetskin.ee\/fi\/wp-json\/wp\/v2\/product\/2413\/revisions\/3988"}],"wp:featuredmedia":[{"embeddable":true,"href":"https:\/\/test.velvetskin.ee\/fi\/wp-json\/wp\/v2\/media\/2415"}],"wp:attachment":[{"href":"https:\/\/test.velvetskin.ee\/fi\/wp-json\/wp\/v2\/media?parent=2413"}],"wp:term":[{"taxonomy":"product_brand","embeddable":true,"href":"https:\/\/test.velvetskin.ee\/fi\/wp-json\/wp\/v2\/product_brand?post=2413"},{"taxonomy":"product_cat","embeddable":true,"href":"https:\/\/test.velvetskin.ee\/fi\/wp-json\/wp\/v2\/product_cat?post=2413"},{"taxonomy":"product_tag","embeddable":true,"href":"https:\/\/test.velvetskin.ee\/fi\/wp-json\/wp\/v2\/product_tag?post=2413"}],"curies":[{"name":"wp","href":"https:\/\/api.w.org\/{rel}","templated":true}]}}