{"id":2417,"date":"2025-01-15T15:23:29","date_gmt":"2025-01-15T13:23:29","guid":{"rendered":"https:\/\/test.velvetskin.ee\/?post_type=product&#038;p=2417"},"modified":"2025-11-25T21:34:11","modified_gmt":"2025-11-25T19:34:11","slug":"glycolic-15-pure-serum","status":"publish","type":"product","link":"https:\/\/test.velvetskin.ee\/fi\/tuote\/glycolic-15-pure-serum\/","title":{"rendered":"Glycolic 15% Pure Serum"},"content":{"rendered":"<p>Gl\u00fckoolhappe seerum on madala molekulaarkaaluga, mist\u00f5ttu imendub naha s\u00fcgavamale kihtidesse. Sobib nahat\u00fc\u00fcpidele, kellel on probleemne, rasune, aknele kalduv nahk. Seerum eemaldab surnud naharakud, aitab uuendada naharakke. Silub ka kortsukesi ja aitab \u00fchtlustada jumet.<\/p>\n<p><strong>Kasutusjuhend:<\/strong><br \/>\nKanna \u00f5htul 3-4 tilka nahale. Ravi ajal kasuta p\u00e4ikesekaitset.<\/p>\n<p><strong>Aktiivkoostisained:<br \/>\n<\/strong>Gl\u00fckoolhape 15%<\/p>","protected":false},"excerpt":{"rendered":"<p>Gl\u00fckoolhappe seerum aitab leevendada akne probleemi, silub kortsukesi, \u00fchtlustab jumet.<\/p>","protected":false},"featured_media":2419,"template":"","meta":{"_acf_changed":false},"product_brand":[159],"product_cat":[167],"product_tag":[178,182,186,179],"class_list":{"0":"post-2417","1":"product","2":"type-product","3":"status-publish","4":"has-post-thumbnail","6":"product_brand-inlab","7":"product_cat-seerumid","8":"product_tag-akne-ja-akneilmingud","9":"product_tag-kortsud-ja-lotvunud-nahk","10":"product_tag-pigmendiprobleemid","11":"product_tag-rasune-ja-kombineeritud-nahk","13":"first","14":"instock","15":"sale","16":"taxable","17":"shipping-taxable","18":"purchasable","19":"product-type-simple"},"acf":[],"_links":{"self":[{"href":"https:\/\/test.velvetskin.ee\/fi\/wp-json\/wp\/v2\/product\/2417","targetHints":{"allow":["GET"]}}],"collection":[{"href":"https:\/\/test.velvetskin.ee\/fi\/wp-json\/wp\/v2\/product"}],"about":[{"href":"https:\/\/test.velvetskin.ee\/fi\/wp-json\/wp\/v2\/types\/product"}],"version-history":[{"count":6,"href":"https:\/\/test.velvetskin.ee\/fi\/wp-json\/wp\/v2\/product\/2417\/revisions"}],"predecessor-version":[{"id":3989,"href":"https:\/\/test.velvetskin.ee\/fi\/wp-json\/wp\/v2\/product\/2417\/revisions\/3989"}],"wp:featuredmedia":[{"embeddable":true,"href":"https:\/\/test.velvetskin.ee\/fi\/wp-json\/wp\/v2\/media\/2419"}],"wp:attachment":[{"href":"https:\/\/test.velvetskin.ee\/fi\/wp-json\/wp\/v2\/media?parent=2417"}],"wp:term":[{"taxonomy":"product_brand","embeddable":true,"href":"https:\/\/test.velvetskin.ee\/fi\/wp-json\/wp\/v2\/product_brand?post=2417"},{"taxonomy":"product_cat","embeddable":true,"href":"https:\/\/test.velvetskin.ee\/fi\/wp-json\/wp\/v2\/product_cat?post=2417"},{"taxonomy":"product_tag","embeddable":true,"href":"https:\/\/test.velvetskin.ee\/fi\/wp-json\/wp\/v2\/product_tag?post=2417"}],"curies":[{"name":"wp","href":"https:\/\/api.w.org\/{rel}","templated":true}]}}