{"id":2444,"date":"2025-01-15T17:09:54","date_gmt":"2025-01-15T15:09:54","guid":{"rendered":"https:\/\/test.velvetskin.ee\/?post_type=product&#038;p=2444"},"modified":"2025-11-26T22:41:00","modified_gmt":"2025-11-26T20:41:00","slug":"regenerating-cream-urban","status":"publish","type":"product","link":"https:\/\/test.velvetskin.ee\/fi\/tuote\/regenerating-cream-urban\/","title":{"rendered":"Regenerating Cream Urban"},"content":{"rendered":"<p>Erakordne kreem vetika, meregl\u00fckogeeni, h\u00fcaluroonhappe ja peptiididega. Pehmendab nahka ja aitab taastada selle elastsust. Tugevalt niiustava ja nahka taastava toimega.<\/p>\n<p><strong>Kasutusjuhend:<\/strong><br \/>\nKanna ringjate liigutustega puhtale n\u00e4ole, kaelale ja dekolteele, v\u00e4ltides silma\u00fcmbrust. Kanna hommikul ja\/v\u00f5i \u00f5htul.<\/p>\n<p><strong>Aktiivsed koostisained:<br \/>\n<\/strong>H\u00fcaluroonhape<br \/>\nPeptiidid<br \/>\nEnteromorfsed vetikad<br \/>\nMere gl\u00fckogeen<br \/>\nH\u00fcaluroonhape<br \/>\nSheav\u00f5i<br \/>\nMakadaamia<br \/>\nMagusa mandli \u00f5li<br \/>\nE-vitamiin<br \/>\nAloe Vera<\/p>","protected":false},"excerpt":{"rendered":"<p>Erakordne kreem vetika, meregl\u00fckogeeni, h\u00fcaluroonhappe ja peptiididega. Pehmendab nahka ja aitab taastada selle elastsust. Tugevalt niiustava ja nahka taastava toimega.<br \/>\nKasutusjuhend: Kanna ringjate liigutustega puhtale n\u00e4ole, kaelale ja dekolteele, v\u00e4ltides silma\u00fcmbrust. Kanna hommikul ja\/v\u00f5i \u00f5htul.<\/p>","protected":false},"featured_media":3185,"template":"","meta":{"_acf_changed":false},"product_brand":[159],"product_cat":[169],"product_tag":[190,181,180,183,189],"class_list":{"0":"post-2444","1":"product","2":"type-product","3":"status-publish","4":"has-post-thumbnail","6":"product_brand-inlab","7":"product_cat-kreemid","8":"product_tag-arritunud-ja-voi-kuiv-nahk","9":"product_tag-esimesed-kortsud-30","10":"product_tag-rosaatsea-ja-kuperroosa","11":"product_tag-tuhm-ja-sara-kaotanud-nahk","12":"product_tag-tundlik","14":"first","15":"instock","16":"sale","17":"taxable","18":"shipping-taxable","19":"purchasable","20":"product-type-simple"},"acf":[],"_links":{"self":[{"href":"https:\/\/test.velvetskin.ee\/fi\/wp-json\/wp\/v2\/product\/2444","targetHints":{"allow":["GET"]}}],"collection":[{"href":"https:\/\/test.velvetskin.ee\/fi\/wp-json\/wp\/v2\/product"}],"about":[{"href":"https:\/\/test.velvetskin.ee\/fi\/wp-json\/wp\/v2\/types\/product"}],"version-history":[{"count":6,"href":"https:\/\/test.velvetskin.ee\/fi\/wp-json\/wp\/v2\/product\/2444\/revisions"}],"predecessor-version":[{"id":3995,"href":"https:\/\/test.velvetskin.ee\/fi\/wp-json\/wp\/v2\/product\/2444\/revisions\/3995"}],"wp:featuredmedia":[{"embeddable":true,"href":"https:\/\/test.velvetskin.ee\/fi\/wp-json\/wp\/v2\/media\/3185"}],"wp:attachment":[{"href":"https:\/\/test.velvetskin.ee\/fi\/wp-json\/wp\/v2\/media?parent=2444"}],"wp:term":[{"taxonomy":"product_brand","embeddable":true,"href":"https:\/\/test.velvetskin.ee\/fi\/wp-json\/wp\/v2\/product_brand?post=2444"},{"taxonomy":"product_cat","embeddable":true,"href":"https:\/\/test.velvetskin.ee\/fi\/wp-json\/wp\/v2\/product_cat?post=2444"},{"taxonomy":"product_tag","embeddable":true,"href":"https:\/\/test.velvetskin.ee\/fi\/wp-json\/wp\/v2\/product_tag?post=2444"}],"curies":[{"name":"wp","href":"https:\/\/api.w.org\/{rel}","templated":true}]}}