{"id":2501,"date":"2025-01-16T17:04:30","date_gmt":"2025-01-16T15:04:30","guid":{"rendered":"https:\/\/test.velvetskin.ee\/?post_type=product&#038;p=2501"},"modified":"2025-11-25T21:34:12","modified_gmt":"2025-11-25T19:34:12","slug":"inlab-anti-imperfection-pack","status":"publish","type":"product","link":"https:\/\/test.velvetskin.ee\/fi\/tuote\/inlab-anti-imperfection-pack\/","title":{"rendered":"Inlab Medical Anti-imperfection Pack"},"content":{"rendered":"<p><strong>Sisaldab:<\/strong><\/p>\n<ul>\n<li>AZELAIC ACID 10% PURE SERUM aselaiinhappe seerum<\/li>\n<li>SERUM SOFT PEELING hapetega seerum<\/li>\n<li>AZELAIC CREAM URBAN aselaiinhappe kreem<\/li>\n<li>ADVANCED REPAIR EYE CREAM silmakreem<\/li>\n<\/ul>\n<p><strong>Kasutamine:<\/strong> Aselaiinhappe seerum hommikul puhtale nahale, kanna peale Azelaic kreem ja silmadele kreem. Seerum Soft peeling kanna puhtale nahale \u00f5htul, kanna peale Azelaic kreem ja soovikorral silmakreem.<br \/>\nNB! Kasuta p\u00e4eval lisaks SPF p\u00e4iksekaitse faktoriga toodet.<\/p>\n<ul>\n<li><strong>Anti imperfection pack sisaldab:<\/strong><br \/>\nAZELAIC ACID 10% PURE SERUM aselaiinhappe seerum<br \/>\nN\u00e4oseerum, mis hoiab \u00e4ra liigse rasu tekke nahal, matistab ja \u00fchtlustab nahatooni.<br \/>\nKasutusjuhend: Kanna n\u00e4ole, kaelale ja dekolteele \u00f5rnalt masseerides kuni t\u00e4ieliku imendumiseni. Kasuta hommikul ja\/v\u00f5i \u00f5htul puhtale nahale enne kreemi. Hommikul kandes on soovitatav kasutada p\u00e4ikesekaitsefaktorit.<\/li>\n<li>SERUM SOFT PEELING hapetega seerum<br \/>\n\u00d5rn kooriv seerum. Niisutab nahka ja \u00fchtlustab selle tekstuuri. Alandab p\u00f5letikke.<br \/>\nKasutusjuhend: Kandke ringjate liigutustega n\u00e4ole, kaelale ja dekolteele.<br \/>\nKoostisosad: Gl\u00fckoolhape, \u00d5unhape, Viinhape, Niatsiinamiid<\/li>\n<li>AZELAIC CREAM URBAN aselaiinhappe kreem<br \/>\nN\u00e4okreem aselaiinhappe, proteogl\u00fckaanide ja chia-\u00f5liga. Silub ja \u00fchtlustab nahatooni<br \/>\nja tekstuuri. Rahustab p\u00f5letikke.<br \/>\nKasutusjuhend: Kanna ringjate liigutustega ideaalselt puhtale n\u00e4ole, kaelale ja<br \/>\ndekolteele, v\u00e4ltides silma\u00fcmbrust. Kanna hommikul v\u00f5i \u00f5htul.<\/li>\n<li>ADVANCED REPAIR EYE CREAM silmakreem<br \/>\nToote omadused: T\u00e4iustatud taastav on uus silmakontuur Inlab Medicalilt, nende Urban Cosmeticsi sarjas. Sisaldab niatsiinamiidi v\u00f5i B3-vitamiini, mis aitab v\u00e4hendada tumedaid ringe ja kortse silmade \u00fcmber. Piimhape on alfa-h\u00fcdroks\u00fchape, mida on juba Cleopatra ajast vananemisvastase toimeainena kasutanud. See stimuleerib kollageeni ja elastiini s\u00fcnteesi.<\/li>\n<\/ul>","protected":false},"excerpt":{"rendered":"<p>Probleemse naha komplekt:<br \/>\n\u2022 AZELAIC ACID 10% PURE SERUM aselaiinhappe seerum<br \/>\n\u2022 SERUM SOFT PEELING hapetega seerum<br \/>\n\u2022 AZELAIC CREAM URBAN aselaiinhappe kreem<br \/>\n\u2022 ADVANCED REPAIR EYE CREAM silmakreem<\/p>","protected":false},"featured_media":2504,"template":"","meta":{"_acf_changed":false},"product_brand":[159],"product_cat":[168,169,170,192],"product_tag":[178,179],"class_list":{"0":"post-2501","1":"product","2":"type-product","3":"status-publish","4":"has-post-thumbnail","6":"product_brand-inlab","7":"product_cat-ampulli-seerumid","8":"product_cat-kreemid","9":"product_cat-silmaumbruse-hooldus","10":"product_cat-sooduskomplektid","11":"product_tag-akne-ja-akneilmingud","12":"product_tag-rasune-ja-kombineeritud-nahk","14":"first","15":"instock","16":"sale","17":"taxable","18":"shipping-taxable","19":"purchasable","20":"product-type-simple"},"acf":[],"_links":{"self":[{"href":"https:\/\/test.velvetskin.ee\/fi\/wp-json\/wp\/v2\/product\/2501","targetHints":{"allow":["GET"]}}],"collection":[{"href":"https:\/\/test.velvetskin.ee\/fi\/wp-json\/wp\/v2\/product"}],"about":[{"href":"https:\/\/test.velvetskin.ee\/fi\/wp-json\/wp\/v2\/types\/product"}],"version-history":[{"count":10,"href":"https:\/\/test.velvetskin.ee\/fi\/wp-json\/wp\/v2\/product\/2501\/revisions"}],"predecessor-version":[{"id":4001,"href":"https:\/\/test.velvetskin.ee\/fi\/wp-json\/wp\/v2\/product\/2501\/revisions\/4001"}],"wp:featuredmedia":[{"embeddable":true,"href":"https:\/\/test.velvetskin.ee\/fi\/wp-json\/wp\/v2\/media\/2504"}],"wp:attachment":[{"href":"https:\/\/test.velvetskin.ee\/fi\/wp-json\/wp\/v2\/media?parent=2501"}],"wp:term":[{"taxonomy":"product_brand","embeddable":true,"href":"https:\/\/test.velvetskin.ee\/fi\/wp-json\/wp\/v2\/product_brand?post=2501"},{"taxonomy":"product_cat","embeddable":true,"href":"https:\/\/test.velvetskin.ee\/fi\/wp-json\/wp\/v2\/product_cat?post=2501"},{"taxonomy":"product_tag","embeddable":true,"href":"https:\/\/test.velvetskin.ee\/fi\/wp-json\/wp\/v2\/product_tag?post=2501"}],"curies":[{"name":"wp","href":"https:\/\/api.w.org\/{rel}","templated":true}]}}