{"id":254,"date":"2024-05-28T17:40:50","date_gmt":"2024-05-28T14:40:50","guid":{"rendered":"https:\/\/test.velvetskin.ee\/?post_type=product&#038;p=254"},"modified":"2025-11-25T21:34:08","modified_gmt":"2025-11-25T19:34:08","slug":"skin-solution-sos-cream-md","status":"publish","type":"product","link":"https:\/\/test.velvetskin.ee\/fi\/tuote\/skin-solution-sos-cream-md\/","title":{"rendered":"Skin Solution SOS Cream MD"},"content":{"rendered":"<h4>Meditsiiniline naha kaitsebarj\u00e4\u00e4ri kaitsev ja tugevdav kreem.<\/h4>\n<p><strong>FAU meditsiiniline kaitsev ja tugevdav kreem on klassifitseeritud Koreas II klaasi meditsiinilise toote alla ja m\u00f5eldud kahjustatud\u00a0 naha kaitsmiseks erinevate v\u00e4liste m\u00f5jutajate eest.<\/strong><\/p>\n<ul>\n<li>Nahabarj\u00e4\u00e4ri tugevdav kreem on Korea riiklikus meditsiinis kasutatavate toodete ohutusteabe instituudi poolt meditsiinilise tootena sertifitseeritud ning seda m\u00fc\u00fcakse haiglates ja apteekides.<\/li>\n<li>Seda taastavat ravikreemi v\u00f5ivad julgelt kasutada nii t\u00e4iskasvanud kui ka lapsed.<\/li>\n<li>Kreem sobib\u00a0 kasutamiseks akne ravi ajal ( antibiootikumid, roaccutane ravi jms)<\/li>\n<\/ul>\n<p>Spetsiaalselt v\u00e4lja t\u00f6\u00f6tatud kasutuseks seal, kus naha kaitsebarj\u00e4\u00e4r on kahjustatud: nahap\u00f5letuse korral (esimese astme p\u00f5letus, p\u00e4ikesep\u00f5letus), kuiv nahk, s\u00fcgelev, p\u00f5letikuline, punetav ja atoopiline nahk.<\/p>\n<p><strong>Kasutamine: <\/strong><br \/>\n&#8211; Kanna kahjustatud kohale \u00fchtlane kiht kreemi.<br \/>\n&#8211; Korda 1-4 korda p\u00e4evas<\/p>","protected":false},"excerpt":{"rendered":"<p>Ravikreem tundlikule kuivale nahale. Meditsiiniline naha kaitsebarj\u00e4\u00e4ri kaitsev ja tugevdav kreem. Ravikreemi v\u00f5ivad julgelt kasutada nii t\u00e4iskasvanud kui ka lapsed. Kreem sobib\u00a0 kasutamiseks akne ravi ajal ( antibiootikumid, roaccutane ravi jms). 100g<\/p>","protected":false},"featured_media":1000,"template":"","meta":{"_acf_changed":false},"product_brand":[158],"product_cat":[169],"product_tag":[178,190,179,180,189],"class_list":{"0":"post-254","1":"product","2":"type-product","3":"status-publish","4":"has-post-thumbnail","6":"product_brand-fau","7":"product_cat-kreemid","8":"product_tag-akne-ja-akneilmingud","9":"product_tag-arritunud-ja-voi-kuiv-nahk","10":"product_tag-rasune-ja-kombineeritud-nahk","11":"product_tag-rosaatsea-ja-kuperroosa","12":"product_tag-tundlik","14":"first","15":"instock","16":"sale","17":"taxable","18":"shipping-taxable","19":"purchasable","20":"product-type-simple"},"acf":[],"_links":{"self":[{"href":"https:\/\/test.velvetskin.ee\/fi\/wp-json\/wp\/v2\/product\/254","targetHints":{"allow":["GET"]}}],"collection":[{"href":"https:\/\/test.velvetskin.ee\/fi\/wp-json\/wp\/v2\/product"}],"about":[{"href":"https:\/\/test.velvetskin.ee\/fi\/wp-json\/wp\/v2\/types\/product"}],"version-history":[{"count":19,"href":"https:\/\/test.velvetskin.ee\/fi\/wp-json\/wp\/v2\/product\/254\/revisions"}],"predecessor-version":[{"id":3924,"href":"https:\/\/test.velvetskin.ee\/fi\/wp-json\/wp\/v2\/product\/254\/revisions\/3924"}],"wp:featuredmedia":[{"embeddable":true,"href":"https:\/\/test.velvetskin.ee\/fi\/wp-json\/wp\/v2\/media\/1000"}],"wp:attachment":[{"href":"https:\/\/test.velvetskin.ee\/fi\/wp-json\/wp\/v2\/media?parent=254"}],"wp:term":[{"taxonomy":"product_brand","embeddable":true,"href":"https:\/\/test.velvetskin.ee\/fi\/wp-json\/wp\/v2\/product_brand?post=254"},{"taxonomy":"product_cat","embeddable":true,"href":"https:\/\/test.velvetskin.ee\/fi\/wp-json\/wp\/v2\/product_cat?post=254"},{"taxonomy":"product_tag","embeddable":true,"href":"https:\/\/test.velvetskin.ee\/fi\/wp-json\/wp\/v2\/product_tag?post=254"}],"curies":[{"name":"wp","href":"https:\/\/api.w.org\/{rel}","templated":true}]}}