{"id":261,"date":"2024-05-28T17:45:17","date_gmt":"2024-05-28T14:45:17","guid":{"rendered":"https:\/\/test.velvetskin.ee\/?post_type=product&#038;p=261"},"modified":"2025-11-25T21:34:08","modified_gmt":"2025-11-25T19:34:08","slug":"skin-solution-sos-seerum-50ml","status":"publish","type":"product","link":"https:\/\/test.velvetskin.ee\/fi\/tuote\/skin-solution-sos-seerum-50ml\/","title":{"rendered":"Skin Solution SOS Serum 50ml"},"content":{"rendered":"<h4>Koheselt nahka toitev ja taastav seerum punetavale ja tundlikule nahale<\/h4>\n<p>Sisaldab Centella Asiatica ekstrakti ja 5% taruvaiku, mis rahustab punetavat ja tundlikku nahka ning taastab kahjustatud nahka.<\/p>\n<p><strong>Rahustab punast ja tundlikku nahka<\/strong><br \/>\nNiisutab ja rahustab p\u00f5hjalikult tundlikku, punetavat ja kuiva nahka, taastades naha tervisliku seisundi.<\/p>\n<p><strong>Taruvaik v\u00e4hendab p\u00f5letikku<\/strong><br \/>\nSisaldab antibakteriaalset taruvaiku, mis on t\u00f5hus p\u00f5letikuv\u00e4hendaja ja tugevdab nahabarj\u00e4\u00e4ri<\/p>\n<p><strong>Ei sisalda kunstlikke v\u00e4rvi-, l\u00f5hna- ega s\u00e4ilitusaineid<\/strong><br \/>\nTaruvaigu tugevalt looduslikku l\u00f5hna v\u00e4hendavad apelsini ja grapefruidi naturaalsed \u00f5rnad aroomi\u00f5lid, toode ei l\u00f5hna liiga tugevalt ning samuti ei pea te muretsema ei v\u00e4rv- ega s\u00e4ilitusainete p\u00e4rast-toode on testitud ja nahale ohutu!<\/p>","protected":false},"excerpt":{"rendered":"<p>Tundlikku ja punetavat nahka rahustav, niisutav ja p\u00f5letikuvastane seerum, tugevdab naha taastumisv\u00f5imet ja muudab selle taas terveks ja s\u00e4ravaks. Tugevalt niisutav. Ei ole lisatud kunstlikke l\u00f5hna-ega v\u00e4rvaineid. 50ml<\/p>","protected":false},"featured_media":1001,"template":"","meta":{"_acf_changed":false},"product_brand":[158],"product_cat":[167],"product_tag":[178,190,179,180,189],"class_list":{"0":"post-261","1":"product","2":"type-product","3":"status-publish","4":"has-post-thumbnail","6":"product_brand-fau","7":"product_cat-seerumid","8":"product_tag-akne-ja-akneilmingud","9":"product_tag-arritunud-ja-voi-kuiv-nahk","10":"product_tag-rasune-ja-kombineeritud-nahk","11":"product_tag-rosaatsea-ja-kuperroosa","12":"product_tag-tundlik","14":"first","15":"instock","16":"sale","17":"taxable","18":"shipping-taxable","19":"purchasable","20":"product-type-simple"},"acf":[],"_links":{"self":[{"href":"https:\/\/test.velvetskin.ee\/fi\/wp-json\/wp\/v2\/product\/261","targetHints":{"allow":["GET"]}}],"collection":[{"href":"https:\/\/test.velvetskin.ee\/fi\/wp-json\/wp\/v2\/product"}],"about":[{"href":"https:\/\/test.velvetskin.ee\/fi\/wp-json\/wp\/v2\/types\/product"}],"version-history":[{"count":14,"href":"https:\/\/test.velvetskin.ee\/fi\/wp-json\/wp\/v2\/product\/261\/revisions"}],"predecessor-version":[{"id":3925,"href":"https:\/\/test.velvetskin.ee\/fi\/wp-json\/wp\/v2\/product\/261\/revisions\/3925"}],"wp:featuredmedia":[{"embeddable":true,"href":"https:\/\/test.velvetskin.ee\/fi\/wp-json\/wp\/v2\/media\/1001"}],"wp:attachment":[{"href":"https:\/\/test.velvetskin.ee\/fi\/wp-json\/wp\/v2\/media?parent=261"}],"wp:term":[{"taxonomy":"product_brand","embeddable":true,"href":"https:\/\/test.velvetskin.ee\/fi\/wp-json\/wp\/v2\/product_brand?post=261"},{"taxonomy":"product_cat","embeddable":true,"href":"https:\/\/test.velvetskin.ee\/fi\/wp-json\/wp\/v2\/product_cat?post=261"},{"taxonomy":"product_tag","embeddable":true,"href":"https:\/\/test.velvetskin.ee\/fi\/wp-json\/wp\/v2\/product_tag?post=261"}],"curies":[{"name":"wp","href":"https:\/\/api.w.org\/{rel}","templated":true}]}}