{"id":278,"date":"2024-05-28T17:49:33","date_gmt":"2024-05-28T14:49:33","guid":{"rendered":"https:\/\/test.velvetskin.ee\/?post_type=product&#038;p=278"},"modified":"2025-11-26T08:53:26","modified_gmt":"2025-11-26T06:53:26","slug":"skin-solution-sos-ampull-10ml-5ampulli-karbis","status":"publish","type":"product","link":"https:\/\/test.velvetskin.ee\/fi\/tuote\/skin-solution-sos-ampull-10ml-5ampulli-karbis\/","title":{"rendered":"Skin Solution SOS Ampull"},"content":{"rendered":"<p><strong>Lokaalse ravi ampull punetavale ja tundlikule nahale<\/strong><\/p>\n<p>Sisaldab 66% Centella Asiatica ekstakti ja 10% taruvaiku, mis rahustavad punetavat, tundlikkuja p\u00f5letikulist nahka. Lokaalne ravitoode, m\u00f5eldud probleemsetele kohtadele.<\/p>\n<ul>\n<li><strong>MITTE-KOMEDOONNE probleemse naha lokaalne ravi<\/strong><br \/>\nMITTE KOMEDOONNE testitud raviseerum, mis sobib aknele kalduvale nahale ning ei blokeeri naha poore, seega ei soodusta uuesti aknet. Kantakse lokaalselt p\u00f5letikulistele kohtadele, v\u00f5ib vajadusel korrata mitu korda p\u00e4evas.<\/li>\n<li><strong>Probleemsete ja p\u00f5letikus kohtade ravi 10%-se taruvaigu abil<\/strong><br \/>\nSisaldab tugevalt antibakteriaalset taruvaiku ja teepuu\u00f5li, mis m\u00f5lemad on mis on t\u00f5husad p\u00f5letikuliste kollete rahustamiseks.<br \/>\nSeerum tugevdab nahabarj\u00e4\u00e4ri ja aitab \u00e4ra hoida uute p\u00f5letikukollete teket.<\/li>\n<li><strong>Centella asiatica ekstrakti puhastatud vee asemel<\/strong><br \/>\nPuhastatud vee asemel sisaldab see peamise koostisosana 66% Centella asiatica ekstrakti, mis on t\u00f5hus naha rahustaja ja sobib kahjustatud ning tundlikule nahale.<\/li>\n<li><strong>Ei sisalda kunstlikke v\u00e4rvi-, l\u00f5hna- ega s\u00e4ilitusaineid<\/strong><br \/>\nTaruvaigu tugevalt looduslikku l\u00f5hna v\u00e4hendavad apelsini ja grapefruidi naturaalsed \u00f5rnad aroomi\u00f5lid, toode ei l\u00f5hna liiga tugevalt ning samuti ei pea te muretsema ei v\u00e4rvi- ega s\u00e4ilitusainete p\u00e4rast-toode on testitud ja nahale ohutu!<\/li>\n<\/ul>","protected":false},"excerpt":{"rendered":"<p>Kiireks lokaalseks leevenduseks aknele ning p\u00f5letikulistele kolletele. V\u00e4hendab m\u00e4rgatavalt punetust, p\u00f5letikku ja rahustab, sobib akne puhul kreemi v\u00f5i maski alla. Ainult lokaalne!<\/p>","protected":false},"featured_media":998,"template":"","meta":{"_acf_changed":false},"product_brand":[158],"product_cat":[168],"product_tag":[178,179],"class_list":{"0":"post-278","1":"product","2":"type-product","3":"status-publish","4":"has-post-thumbnail","6":"product_brand-fau","7":"product_cat-ampulli-seerumid","8":"product_tag-akne-ja-akneilmingud","9":"product_tag-rasune-ja-kombineeritud-nahk","11":"first","12":"instock","13":"sale","14":"taxable","15":"shipping-taxable","16":"purchasable","17":"product-type-simple"},"acf":[],"_links":{"self":[{"href":"https:\/\/test.velvetskin.ee\/fi\/wp-json\/wp\/v2\/product\/278","targetHints":{"allow":["GET"]}}],"collection":[{"href":"https:\/\/test.velvetskin.ee\/fi\/wp-json\/wp\/v2\/product"}],"about":[{"href":"https:\/\/test.velvetskin.ee\/fi\/wp-json\/wp\/v2\/types\/product"}],"version-history":[{"count":18,"href":"https:\/\/test.velvetskin.ee\/fi\/wp-json\/wp\/v2\/product\/278\/revisions"}],"predecessor-version":[{"id":3927,"href":"https:\/\/test.velvetskin.ee\/fi\/wp-json\/wp\/v2\/product\/278\/revisions\/3927"}],"wp:featuredmedia":[{"embeddable":true,"href":"https:\/\/test.velvetskin.ee\/fi\/wp-json\/wp\/v2\/media\/998"}],"wp:attachment":[{"href":"https:\/\/test.velvetskin.ee\/fi\/wp-json\/wp\/v2\/media?parent=278"}],"wp:term":[{"taxonomy":"product_brand","embeddable":true,"href":"https:\/\/test.velvetskin.ee\/fi\/wp-json\/wp\/v2\/product_brand?post=278"},{"taxonomy":"product_cat","embeddable":true,"href":"https:\/\/test.velvetskin.ee\/fi\/wp-json\/wp\/v2\/product_cat?post=278"},{"taxonomy":"product_tag","embeddable":true,"href":"https:\/\/test.velvetskin.ee\/fi\/wp-json\/wp\/v2\/product_tag?post=278"}],"curies":[{"name":"wp","href":"https:\/\/api.w.org\/{rel}","templated":true}]}}