{"id":2806,"date":"2025-01-24T16:54:51","date_gmt":"2025-01-24T14:54:51","guid":{"rendered":"https:\/\/test.velvetskin.ee\/?post_type=product&#038;p=2806"},"modified":"2025-11-25T21:34:12","modified_gmt":"2025-11-25T19:34:12","slug":"fau-shiny-pumpkin-cera-repair-cream","status":"publish","type":"product","link":"https:\/\/test.velvetskin.ee\/fi\/tuote\/fau-shiny-pumpkin-cera-repair-cream\/","title":{"rendered":"Fau Shiny Pumpkin Cera Repair Cream"},"content":{"rendered":"<p><strong>TOOTE OMADUSED<\/strong><\/p>\n<p>See on kahekordse toimega kreem, mis tugevdab naha barj\u00e4\u00e4ri 5-keramiidikompleksiga, parandades samal ajal l\u00f5tvunud naha tihedust ja elastsust.<\/p>\n<p>Niisutav, toitaineterikas, kolmekordse funktsionaalsusega toitekreem.<br \/>\nSee on kreemjas toitev kreem, mis sisaldab rikkalikult k\u00f5rvitsaekstrakti (72% k\u00f5rvitsaekstrakti), sisaldab 17 asendamatut aminohapet ja EGF-i. Parandab t\u00f5husalt kahjustatud nahka, varustades oma kreemja tekstuuriga vajalikke toitaineid p\u00e4rast spetsiaalset koorimist, suurendades naha elastsust.<\/p>\n<p><strong>KASUTUSJUHEND<\/strong><\/p>\n<p>Kandke sobiv kogus n\u00e4ole oma nahahooldusrutiini viimases etapis ja masseerige \u00f5rnalt s\u00f5rmeotstega, et aidata imenduda.<\/p>\n<p><strong>PEAMISED KOOSTISOSAD<\/strong><\/p>\n<p>Niatsiinamiid, Ceramide NP, Cucurbita Pepo (k\u00f5rvitsa) viljaekstrakt (1,000 ppm), Panax Ginseng&#8217;i ekstrakt, eukal\u00fcpti lehe ekstrakt, adenosiin, pantenool, h\u00fcaluroonhape, Ceramide NS, Ceramide AS, Ceramide AP, Ceramide EOP.<\/p>","protected":false},"excerpt":{"rendered":"<p>Kahekordse toimega kreem, mis tugevdab naha barj\u00e4\u00e4ri 5-keramiidikompleksiga, parandades samal ajal l\u00f5tvunud naha tihedust ja elastsust.<br \/>\nNiisutav, toitaineterikas, kolmekordse funktsionaalsusega toitekreem.<\/p>","protected":false},"featured_media":2809,"template":"","meta":{"_acf_changed":false},"product_brand":[158],"product_cat":[169],"product_tag":[181,182,183],"class_list":{"0":"post-2806","1":"product","2":"type-product","3":"status-publish","4":"has-post-thumbnail","6":"product_brand-fau","7":"product_cat-kreemid","8":"product_tag-esimesed-kortsud-30","9":"product_tag-kortsud-ja-lotvunud-nahk","10":"product_tag-tuhm-ja-sara-kaotanud-nahk","12":"first","13":"instock","14":"sale","15":"taxable","16":"shipping-taxable","17":"purchasable","18":"product-type-simple"},"acf":[],"_links":{"self":[{"href":"https:\/\/test.velvetskin.ee\/fi\/wp-json\/wp\/v2\/product\/2806","targetHints":{"allow":["GET"]}}],"collection":[{"href":"https:\/\/test.velvetskin.ee\/fi\/wp-json\/wp\/v2\/product"}],"about":[{"href":"https:\/\/test.velvetskin.ee\/fi\/wp-json\/wp\/v2\/types\/product"}],"version-history":[{"count":4,"href":"https:\/\/test.velvetskin.ee\/fi\/wp-json\/wp\/v2\/product\/2806\/revisions"}],"predecessor-version":[{"id":4003,"href":"https:\/\/test.velvetskin.ee\/fi\/wp-json\/wp\/v2\/product\/2806\/revisions\/4003"}],"wp:featuredmedia":[{"embeddable":true,"href":"https:\/\/test.velvetskin.ee\/fi\/wp-json\/wp\/v2\/media\/2809"}],"wp:attachment":[{"href":"https:\/\/test.velvetskin.ee\/fi\/wp-json\/wp\/v2\/media?parent=2806"}],"wp:term":[{"taxonomy":"product_brand","embeddable":true,"href":"https:\/\/test.velvetskin.ee\/fi\/wp-json\/wp\/v2\/product_brand?post=2806"},{"taxonomy":"product_cat","embeddable":true,"href":"https:\/\/test.velvetskin.ee\/fi\/wp-json\/wp\/v2\/product_cat?post=2806"},{"taxonomy":"product_tag","embeddable":true,"href":"https:\/\/test.velvetskin.ee\/fi\/wp-json\/wp\/v2\/product_tag?post=2806"}],"curies":[{"name":"wp","href":"https:\/\/api.w.org\/{rel}","templated":true}]}}