{"id":2816,"date":"2025-01-24T17:02:15","date_gmt":"2025-01-24T15:02:15","guid":{"rendered":"https:\/\/test.velvetskin.ee\/?post_type=product&#038;p=2816"},"modified":"2025-11-25T21:34:12","modified_gmt":"2025-11-25T19:34:12","slug":"fau-shiny-pumpkin-oil-serum","status":"publish","type":"product","link":"https:\/\/test.velvetskin.ee\/fi\/tuote\/fau-shiny-pumpkin-oil-serum\/","title":{"rendered":"Fau Shiny Pumpkin Oil Serum"},"content":{"rendered":"<p><strong>TOOTE OMADUSED<\/strong><\/p>\n<p>Naha jumet \u00fchtlustav kosmeetikatoode. K\u00f5rvitsa\u00f5li seerum nahas\u00f5braliku \u00f5litekstuuriga, mis loob kuivale nahale tugeva kaitsebarj\u00e4\u00e4ri, pakkudes niisutust, s\u00e4ra ja naha jumet \u00fchtlustavat toimet \u00fches pudelis.<\/p>\n<p><strong>KASUTUSJUHEND<\/strong><\/p>\n<p>P\u00e4rast 1-2 tilga doseerimist pipetiga peopesale, h\u00f5\u00f5ruge peopesad kokku, et tekitada soojust, ja vajutage \u00f5rnalt kogu n\u00e4ole, et see imenduks. Seda v\u00f5ib kasutada ka segatuna essentside v\u00f5i kreemidega.<\/p>\n<p><strong>PEAMISED KOOSTISOSAD<\/strong><\/p>\n<p>Kapr\u00fc\u00fcl\/kapriintrigl\u00fctseriid, k\u00f5rvitsaseemne\u00f5li (1%), bakuchiool, h\u00fcdroks\u00fcdeets\u00fc\u00fclubikinoon, alfa-bisabolool, eclipta prostrata ekstrakt, neemi lehe ekstrakt<\/p>","protected":false},"excerpt":{"rendered":"<p>Naha jumet \u00fchtlustav kosmeetikatoode. K\u00f5rvitsa\u00f5li seerum nahas\u00f5braliku \u00f5litekstuuriga, mis loob kuivale nahale tugeva kaitsebarj\u00e4\u00e4ri, pakkudes niisutust, s\u00e4ra ja naha jumet \u00fchtlustavat toimet \u00fches pudelis.<\/p>","protected":false},"featured_media":2818,"template":"","meta":{"_acf_changed":false},"product_brand":[158],"product_cat":[167],"product_tag":[181,183],"class_list":{"0":"post-2816","1":"product","2":"type-product","3":"status-publish","4":"has-post-thumbnail","6":"product_brand-fau","7":"product_cat-seerumid","8":"product_tag-esimesed-kortsud-30","9":"product_tag-tuhm-ja-sara-kaotanud-nahk","11":"first","12":"instock","13":"sale","14":"taxable","15":"shipping-taxable","16":"purchasable","17":"product-type-simple"},"acf":[],"_links":{"self":[{"href":"https:\/\/test.velvetskin.ee\/fi\/wp-json\/wp\/v2\/product\/2816","targetHints":{"allow":["GET"]}}],"collection":[{"href":"https:\/\/test.velvetskin.ee\/fi\/wp-json\/wp\/v2\/product"}],"about":[{"href":"https:\/\/test.velvetskin.ee\/fi\/wp-json\/wp\/v2\/types\/product"}],"version-history":[{"count":4,"href":"https:\/\/test.velvetskin.ee\/fi\/wp-json\/wp\/v2\/product\/2816\/revisions"}],"predecessor-version":[{"id":4005,"href":"https:\/\/test.velvetskin.ee\/fi\/wp-json\/wp\/v2\/product\/2816\/revisions\/4005"}],"wp:featuredmedia":[{"embeddable":true,"href":"https:\/\/test.velvetskin.ee\/fi\/wp-json\/wp\/v2\/media\/2818"}],"wp:attachment":[{"href":"https:\/\/test.velvetskin.ee\/fi\/wp-json\/wp\/v2\/media?parent=2816"}],"wp:term":[{"taxonomy":"product_brand","embeddable":true,"href":"https:\/\/test.velvetskin.ee\/fi\/wp-json\/wp\/v2\/product_brand?post=2816"},{"taxonomy":"product_cat","embeddable":true,"href":"https:\/\/test.velvetskin.ee\/fi\/wp-json\/wp\/v2\/product_cat?post=2816"},{"taxonomy":"product_tag","embeddable":true,"href":"https:\/\/test.velvetskin.ee\/fi\/wp-json\/wp\/v2\/product_tag?post=2816"}],"curies":[{"name":"wp","href":"https:\/\/api.w.org\/{rel}","templated":true}]}}