{"id":3089,"date":"2025-05-27T15:37:03","date_gmt":"2025-05-27T12:37:03","guid":{"rendered":"https:\/\/test.velvetskin.ee\/?post_type=product&#038;p=3089"},"modified":"2025-11-25T21:34:13","modified_gmt":"2025-11-25T19:34:13","slug":"regenerating-pure-serum","status":"publish","type":"product","link":"https:\/\/test.velvetskin.ee\/fi\/tuote\/regenerating-pure-serum\/","title":{"rendered":"Regenerating Pure Serum"},"content":{"rendered":"<p data-start=\"363\" data-end=\"690\">2% h\u00fcaluroonhappe seerum. N\u00e4oseerum, mis sisaldab suurt kontsentratsiooni h\u00fcaluroonhapet. Annab nahale rohkem s\u00e4ra ja siledama v\u00e4limuse. H\u00fcaluroonhappel on v\u00e4ga k\u00f5rge viskoelastsus, mis on oluline vananemise ja kortsude vastu v\u00f5itlemiseks. Lisaks muudab h\u00fcaluroonhape naha pehmeks, siledaks ja elastseks.<\/p>\n<p data-start=\"692\" data-end=\"807\"><strong>Kasutusjuhend:<\/strong><br data-start=\"706\" data-end=\"709\" \/>Kanna seerumid puhtale nahale hommikul ja\/v\u00f5i \u00f5htul, lase imenduda ja seej\u00e4rel kanna nahale kreem.<\/p>\n<p data-start=\"809\" data-end=\"847\"><strong>Aktiivkoostisained:<\/strong><br data-start=\"828\" data-end=\"831\" \/>H\u00fcaluroonhape 2%<\/p>","protected":false},"excerpt":{"rendered":"<p>2% h\u00fcaluroonhappe seerum. N\u00e4oseerum, mis sisaldab suurt kontsentratsiooni h\u00fcaluroonhapet. Annab nahale rohkem s\u00e4ra ja siledama v\u00e4limuse.<\/p>","protected":false},"featured_media":3098,"template":"","meta":{"_acf_changed":false},"product_brand":[159],"product_cat":[167],"product_tag":[178,190,181,182,179,180,183,189],"class_list":{"0":"post-3089","1":"product","2":"type-product","3":"status-publish","4":"has-post-thumbnail","6":"product_brand-inlab","7":"product_cat-seerumid","8":"product_tag-akne-ja-akneilmingud","9":"product_tag-arritunud-ja-voi-kuiv-nahk","10":"product_tag-esimesed-kortsud-30","11":"product_tag-kortsud-ja-lotvunud-nahk","12":"product_tag-rasune-ja-kombineeritud-nahk","13":"product_tag-rosaatsea-ja-kuperroosa","14":"product_tag-tuhm-ja-sara-kaotanud-nahk","15":"product_tag-tundlik","17":"first","18":"instock","19":"sale","20":"taxable","21":"shipping-taxable","22":"purchasable","23":"product-type-simple"},"acf":[],"_links":{"self":[{"href":"https:\/\/test.velvetskin.ee\/fi\/wp-json\/wp\/v2\/product\/3089","targetHints":{"allow":["GET"]}}],"collection":[{"href":"https:\/\/test.velvetskin.ee\/fi\/wp-json\/wp\/v2\/product"}],"about":[{"href":"https:\/\/test.velvetskin.ee\/fi\/wp-json\/wp\/v2\/types\/product"}],"version-history":[{"count":4,"href":"https:\/\/test.velvetskin.ee\/fi\/wp-json\/wp\/v2\/product\/3089\/revisions"}],"predecessor-version":[{"id":4017,"href":"https:\/\/test.velvetskin.ee\/fi\/wp-json\/wp\/v2\/product\/3089\/revisions\/4017"}],"wp:featuredmedia":[{"embeddable":true,"href":"https:\/\/test.velvetskin.ee\/fi\/wp-json\/wp\/v2\/media\/3098"}],"wp:attachment":[{"href":"https:\/\/test.velvetskin.ee\/fi\/wp-json\/wp\/v2\/media?parent=3089"}],"wp:term":[{"taxonomy":"product_brand","embeddable":true,"href":"https:\/\/test.velvetskin.ee\/fi\/wp-json\/wp\/v2\/product_brand?post=3089"},{"taxonomy":"product_cat","embeddable":true,"href":"https:\/\/test.velvetskin.ee\/fi\/wp-json\/wp\/v2\/product_cat?post=3089"},{"taxonomy":"product_tag","embeddable":true,"href":"https:\/\/test.velvetskin.ee\/fi\/wp-json\/wp\/v2\/product_tag?post=3089"}],"curies":[{"name":"wp","href":"https:\/\/api.w.org\/{rel}","templated":true}]}}