{"id":3094,"date":"2025-05-27T15:47:54","date_gmt":"2025-05-27T12:47:54","guid":{"rendered":"https:\/\/test.velvetskin.ee\/?post_type=product&#038;p=3094"},"modified":"2025-11-25T21:34:13","modified_gmt":"2025-11-25T19:34:13","slug":"flash-eye-brow","status":"publish","type":"product","link":"https:\/\/test.velvetskin.ee\/fi\/tuote\/flash-eye-brow\/","title":{"rendered":"Flash Eye &#038; Brow"},"content":{"rendered":"<p data-start=\"1022\" data-end=\"1250\">FLASH EYE on loodud selleks, et saavutada pikemad ja tihedamad ripsmed. Kiire ja n\u00e4htav tulemus juba kahe n\u00e4dalaga. Kliiniliselt t\u00f5estatud, et suurendab ripsmete tihedust enam kui 66% v\u00f5rra nelja n\u00e4dalaga.<\/p>\n<p data-start=\"1252\" data-end=\"1327\"><strong>Kasutusjuhend:<\/strong><br data-start=\"1266\" data-end=\"1269\" \/>Kanna aplikaatoriga 1x p\u00e4evas ripsmetele ja\/v\u00f5i kulmudele.<\/p>\n<p data-start=\"1329\" data-end=\"1393\"><strong>Aktiivkoostisained:<\/strong><br data-start=\"1348\" data-end=\"1351\" \/>WIDELASH\u2122, FOLLICUSAN\u2122, BIOTIIN, PANTHENOL<\/p>","protected":false},"excerpt":{"rendered":"<p>FLASH EYE on loodud selleks, et saavutada pikemad ja tihedamad ripsmed. Kiire ja n\u00e4htav tulemus juba kahe n\u00e4dalaga.<\/p>","protected":false},"featured_media":3121,"template":"","meta":{"_acf_changed":false},"product_brand":[159],"product_cat":[167],"product_tag":[181,182,187],"class_list":{"0":"post-3094","1":"product","2":"type-product","3":"status-publish","4":"has-post-thumbnail","6":"product_brand-inlab","7":"product_cat-seerumid","8":"product_tag-esimesed-kortsud-30","9":"product_tag-kortsud-ja-lotvunud-nahk","10":"product_tag-silmaumbruse-probleemid","12":"first","13":"instock","14":"sale","15":"taxable","16":"shipping-taxable","17":"purchasable","18":"product-type-simple"},"acf":[],"_links":{"self":[{"href":"https:\/\/test.velvetskin.ee\/fi\/wp-json\/wp\/v2\/product\/3094","targetHints":{"allow":["GET"]}}],"collection":[{"href":"https:\/\/test.velvetskin.ee\/fi\/wp-json\/wp\/v2\/product"}],"about":[{"href":"https:\/\/test.velvetskin.ee\/fi\/wp-json\/wp\/v2\/types\/product"}],"version-history":[{"count":2,"href":"https:\/\/test.velvetskin.ee\/fi\/wp-json\/wp\/v2\/product\/3094\/revisions"}],"predecessor-version":[{"id":4018,"href":"https:\/\/test.velvetskin.ee\/fi\/wp-json\/wp\/v2\/product\/3094\/revisions\/4018"}],"wp:featuredmedia":[{"embeddable":true,"href":"https:\/\/test.velvetskin.ee\/fi\/wp-json\/wp\/v2\/media\/3121"}],"wp:attachment":[{"href":"https:\/\/test.velvetskin.ee\/fi\/wp-json\/wp\/v2\/media?parent=3094"}],"wp:term":[{"taxonomy":"product_brand","embeddable":true,"href":"https:\/\/test.velvetskin.ee\/fi\/wp-json\/wp\/v2\/product_brand?post=3094"},{"taxonomy":"product_cat","embeddable":true,"href":"https:\/\/test.velvetskin.ee\/fi\/wp-json\/wp\/v2\/product_cat?post=3094"},{"taxonomy":"product_tag","embeddable":true,"href":"https:\/\/test.velvetskin.ee\/fi\/wp-json\/wp\/v2\/product_tag?post=3094"}],"curies":[{"name":"wp","href":"https:\/\/api.w.org\/{rel}","templated":true}]}}