{"id":3099,"date":"2025-05-27T15:57:50","date_gmt":"2025-05-27T12:57:50","guid":{"rendered":"https:\/\/test.velvetskin.ee\/?post_type=product&#038;p=3099"},"modified":"2025-11-26T22:41:00","modified_gmt":"2025-11-26T20:41:00","slug":"exobio-cream","status":"publish","type":"product","link":"https:\/\/test.velvetskin.ee\/fi\/tuote\/exobio-cream\/","title":{"rendered":"Exobio Cream"},"content":{"rendered":"<p data-start=\"1572\" data-end=\"1927\">Exosoomidega vananemisvastane kreem, mis pakub t\u00e4ielikku nahahooldust. T\u00e4nu eksosoomitehnoloogiale aitab see kreem regulaarsel kasutamisel siluda kortse ning muuta naha pringiks ja siledaks. Sisaldab niatsiinamiidi ja vitamiine, mis toetavad naha elastsust ja \u00fchtlustavad jumet, samal ajal tugevdades naha loomulikku kaitsebarj\u00e4\u00e4ri.<\/p>\n<p data-start=\"1929\" data-end=\"2049\"><strong>Kasutusjuhend:<\/strong><br data-start=\"1943\" data-end=\"1946\" \/>Kanna nahale hommikul ja\/v\u00f5i \u00f5htul. Soovitav on eelnevalt kanda nahale seerum ja seej\u00e4rel EXOBIO kreem.<\/p>\n<p data-start=\"2051\" data-end=\"2118\"><strong>Aktiivkoostisained:<\/strong><br data-start=\"2070\" data-end=\"2073\" \/>5% EXO-VITALIZE, 2% Niatsiinamiid, E-vitamiin<\/p>","protected":false},"excerpt":{"rendered":"<p data-start=\"1426\" data-end=\"1570\">Exosoomidega vananemisvastane kreem, mis pakub t\u00e4ielikku nahahooldust. Silub kortse ning muudab naha pringiks ja siledaks.<\/p>","protected":false},"featured_media":3100,"template":"","meta":{"_acf_changed":false},"product_brand":[159],"product_cat":[169],"product_tag":[181,182,179,180,183],"class_list":{"0":"post-3099","1":"product","2":"type-product","3":"status-publish","4":"has-post-thumbnail","6":"product_brand-inlab","7":"product_cat-kreemid","8":"product_tag-esimesed-kortsud-30","9":"product_tag-kortsud-ja-lotvunud-nahk","10":"product_tag-rasune-ja-kombineeritud-nahk","11":"product_tag-rosaatsea-ja-kuperroosa","12":"product_tag-tuhm-ja-sara-kaotanud-nahk","14":"first","15":"instock","16":"sale","17":"taxable","18":"shipping-taxable","19":"purchasable","20":"product-type-simple"},"acf":[],"_links":{"self":[{"href":"https:\/\/test.velvetskin.ee\/fi\/wp-json\/wp\/v2\/product\/3099","targetHints":{"allow":["GET"]}}],"collection":[{"href":"https:\/\/test.velvetskin.ee\/fi\/wp-json\/wp\/v2\/product"}],"about":[{"href":"https:\/\/test.velvetskin.ee\/fi\/wp-json\/wp\/v2\/types\/product"}],"version-history":[{"count":3,"href":"https:\/\/test.velvetskin.ee\/fi\/wp-json\/wp\/v2\/product\/3099\/revisions"}],"predecessor-version":[{"id":4019,"href":"https:\/\/test.velvetskin.ee\/fi\/wp-json\/wp\/v2\/product\/3099\/revisions\/4019"}],"wp:featuredmedia":[{"embeddable":true,"href":"https:\/\/test.velvetskin.ee\/fi\/wp-json\/wp\/v2\/media\/3100"}],"wp:attachment":[{"href":"https:\/\/test.velvetskin.ee\/fi\/wp-json\/wp\/v2\/media?parent=3099"}],"wp:term":[{"taxonomy":"product_brand","embeddable":true,"href":"https:\/\/test.velvetskin.ee\/fi\/wp-json\/wp\/v2\/product_brand?post=3099"},{"taxonomy":"product_cat","embeddable":true,"href":"https:\/\/test.velvetskin.ee\/fi\/wp-json\/wp\/v2\/product_cat?post=3099"},{"taxonomy":"product_tag","embeddable":true,"href":"https:\/\/test.velvetskin.ee\/fi\/wp-json\/wp\/v2\/product_tag?post=3099"}],"curies":[{"name":"wp","href":"https:\/\/api.w.org\/{rel}","templated":true}]}}