{"id":3114,"date":"2025-05-27T16:41:56","date_gmt":"2025-05-27T13:41:56","guid":{"rendered":"https:\/\/test.velvetskin.ee\/?post_type=product&#038;p=3114"},"modified":"2025-11-25T21:34:13","modified_gmt":"2025-11-25T19:34:13","slug":"safesun-color-spf50","status":"publish","type":"product","link":"https:\/\/test.velvetskin.ee\/fi\/tuote\/safesun-color-spf50\/","title":{"rendered":"Safesun Color Spf50"},"content":{"rendered":"<p><span style=\"font-weight: 400;\">P\u00e4iksekaitse kreem SPF 50, tooniv, kergelt roosaka alatooniga.<\/span><\/p>\n<p><span style=\"font-weight: 400;\">Kreem, mis on spetsiaalselt m\u00f5eldud k\u00f5ikidele nahat\u00fc\u00fcpidele. Pakub nahale optimaalset kaitset UV-A ja UV-B kiirguse eest, mis vastutavad enneaegse vananemise ja plekkide tekke eest. Kerge tekstuur.\u00a0<\/span><\/p>\n<p><span style=\"font-weight: 400;\"><strong>TOIMEAINED:<\/strong>\u00a0 <\/span><b>AALOE MAHL<\/b><span style=\"font-weight: 400;\">,Selle niisutavad, rahustavad, p\u00f5letikuvastased, allergiavastased ja regeneratiivsed omadused on h\u00e4sti tuntud. Rasvhapped: kolesterool, kampesterool, B-sisosterool ja lupeool. K\u00f5igil neil on p\u00f5letikuvastane toime. Lupeoolil on ka antiseptilised ja valuvaigistavad omadused.\u00a0<\/span><\/p>\n<p><b>VITAMIIN E : <\/b><span style=\"font-weight: 400;\">E-vitamiin on \u00fcks parimaid nahahoolduses kasutatavaid koostisosi oma antioks\u00fcdantse, noorendava ja kaitsva omaduse t\u00f5ttu. Kaitseb vabade radikaalide eest, mis p\u00f5hjustavad naha vananemist.\u00a0<\/span><\/p>\n<p><b>P\u00c4IKESEFILTRID<\/b><span style=\"font-weight: 400;\"> Selles koostises on \u00fchendatud f\u00fc\u00fcsikalised ja keemilised filtrid, et saavutada v\u00e4ga k\u00f5rge kaitse UVA\/UVB p\u00e4ikesekiirguse eest. <\/span><b>GL\u00dcTSERIIN <\/b><span style=\"font-weight: 400;\">Taimegl\u00fctseriin on toode, mida saadakse tavaliselt kookos\u00f5list v\u00f5i palm\u00f5list. Sellel on niisutavad omadused. Niiskuse s\u00e4ilitamine on eluliselt oluline naha parima seisundi tagamiseks.\u00a0<\/span><\/p>\n<p><b>H\u00dcDROL\u00dc\u00dcSITUD NISUPROTEIINIPOL\u00dcMEER<\/b><span style=\"font-weight: 400;\"> See pol\u00fcmeer moodustab naha pinnale kihi, mis parandab toimeainete jaotumist, suurendades UV filtrite efektiivsust koostiosades\u00a0<\/span><\/p>\n<p><span style=\"font-weight: 400;\"><strong>KASUTAMINE:<\/strong> Kanna puhtale v\u00f5i eellenalt p\u00e4evakreemi v\u00f5i seerumiga imendatud nahale enne p\u00e4ikese k\u00e4tte minekut. Soovitav on kreemi peale kanda p\u00e4ikse k\u00e4es olles iga 2-3 tunni j\u00e4rel, siis ei kao p\u00e4iksekaitse m\u00f5ju nahalt.<\/span><\/p>","protected":false},"excerpt":{"rendered":"<p>Tooniv p\u00e4ikesekaitsekreem SPF 50. Kerge roosaka alatooniga, sobib k\u00f5ikidele nahat\u00fc\u00fcpidele.<\/p>","protected":false},"featured_media":3115,"template":"","meta":{"_acf_changed":false},"product_brand":[159],"product_cat":[191],"product_tag":[181,182,186,180],"class_list":{"0":"post-3114","1":"product","2":"type-product","3":"status-publish","4":"has-post-thumbnail","6":"product_brand-inlab","7":"product_cat-spf-paikesekaitse","8":"product_tag-esimesed-kortsud-30","9":"product_tag-kortsud-ja-lotvunud-nahk","10":"product_tag-pigmendiprobleemid","11":"product_tag-rosaatsea-ja-kuperroosa","13":"first","14":"instock","15":"sale","16":"taxable","17":"shipping-taxable","18":"purchasable","19":"product-type-simple"},"acf":[],"_links":{"self":[{"href":"https:\/\/test.velvetskin.ee\/fi\/wp-json\/wp\/v2\/product\/3114","targetHints":{"allow":["GET"]}}],"collection":[{"href":"https:\/\/test.velvetskin.ee\/fi\/wp-json\/wp\/v2\/product"}],"about":[{"href":"https:\/\/test.velvetskin.ee\/fi\/wp-json\/wp\/v2\/types\/product"}],"version-history":[{"count":2,"href":"https:\/\/test.velvetskin.ee\/fi\/wp-json\/wp\/v2\/product\/3114\/revisions"}],"predecessor-version":[{"id":4023,"href":"https:\/\/test.velvetskin.ee\/fi\/wp-json\/wp\/v2\/product\/3114\/revisions\/4023"}],"wp:featuredmedia":[{"embeddable":true,"href":"https:\/\/test.velvetskin.ee\/fi\/wp-json\/wp\/v2\/media\/3115"}],"wp:attachment":[{"href":"https:\/\/test.velvetskin.ee\/fi\/wp-json\/wp\/v2\/media?parent=3114"}],"wp:term":[{"taxonomy":"product_brand","embeddable":true,"href":"https:\/\/test.velvetskin.ee\/fi\/wp-json\/wp\/v2\/product_brand?post=3114"},{"taxonomy":"product_cat","embeddable":true,"href":"https:\/\/test.velvetskin.ee\/fi\/wp-json\/wp\/v2\/product_cat?post=3114"},{"taxonomy":"product_tag","embeddable":true,"href":"https:\/\/test.velvetskin.ee\/fi\/wp-json\/wp\/v2\/product_tag?post=3114"}],"curies":[{"name":"wp","href":"https:\/\/api.w.org\/{rel}","templated":true}]}}