{"id":3221,"date":"2025-09-09T09:52:59","date_gmt":"2025-09-09T06:52:59","guid":{"rendered":"https:\/\/test.velvetskin.ee\/?post_type=product&#038;p=3221"},"modified":"2025-11-25T21:34:13","modified_gmt":"2025-11-25T19:34:13","slug":"white-mousse","status":"publish","type":"product","link":"https:\/\/test.velvetskin.ee\/fi\/tuote\/white-mousse\/","title":{"rendered":"White Mousse"},"content":{"rendered":"<p>MIDA SEE TEEB<br \/>\nPuhastab naha s\u00fcgavalt. Puhastav ja rahustav toime.<br \/>\nKandke \u00fchtlaselt n\u00e4ole ja kaelale. Loputage veega. NB! \u00c4ra pese silmi tootega<br \/>\nAKTIIVSED TOIMEAINED<br \/>\nPUHAS ARGAANIA\u00d5LI: Ecocert-sertifikaadiga, saadud argaaniapuu (Argania Spinosa) seemnetest<br \/>\n\u00fcksnes meditsiinilise k\u00fclmpressimise meetodil, mist\u00f5ttu on see puhas, \u00f6koloogiline, keemiavaba ja<br \/>\ndeodoriseeritud. Argaania\u00f5li koosneb kuni 80% ulatuses asendamatutest rasvhapetest. Need<br \/>\nkomponendid annavad sellele tugeva antioks\u00fcdantse ja p\u00f5letikuvastase toime, mis taastavad ja<br \/>\nuuendavad nahka ning omavad vananemisvastast toimet. Argaania\u00f5li kaitseb nahka vabade radikaalide<br \/>\np\u00f5hjustatud oks\u00fcdatsiooni eest.<br \/>\nF\u00dcTOSTEROOLID: Delta-7-steroolid on 5-alfa-reduktaasi ens\u00fc\u00fcmi inhibiitorid, mis muudab<br \/>\ntestosterooni dih\u00fcdrotestosterooniks (DHT), mis on peamiselt vastutav akne ja juuste v\u00e4ljalangemise<br \/>\neest.<br \/>\nFERUULHAPE: See hape soodustab vereringet, suurendades toitainete m\u00f5ju. Stimuleerib raku sisest<br \/>\nhapnikuvarustust, neutraliseerib vabu radikaale ja kaitseb sidekudesid<br \/>\nSKVALEEN : Esineb 25% inimeste lipiidides, seondudes rakumembraaniga, aitab eemaldada toksiine<br \/>\nja neutraliseerida vabu radikaale.<br \/>\nLUPEOOL: Omab v\u00e4hivastaseid omadusi ja soodustab keratinots\u00fc\u00fctide paljunemist, mis toodavad<br \/>\nkeratiini juustes, k\u00fc\u00fcntes ja nahas<\/p>","protected":false},"excerpt":{"rendered":"<p>N\u00e4opuhastus vaht, mis puhastab naha s\u00fcgavalt. Puhastav ja rahustav toime.<br \/>\nKandke \u00fchtlaselt n\u00e4ole ja kaelale. Loputage veega. NB! \u00c4ra pese silmi tootega<\/p>\n<p>Sobib v\u00e4ga h\u00e4sti aknele kalduvale nahale ja rasusele ja poorilisele nahale.<\/p>\n<p>&nbsp;<\/p>\n<p>&nbsp;<\/p>","protected":false},"featured_media":3224,"template":"","meta":{"_acf_changed":false},"product_brand":[159],"product_cat":[166],"product_tag":[178,181,182,186,179,180],"class_list":{"0":"post-3221","1":"product","2":"type-product","3":"status-publish","4":"has-post-thumbnail","6":"product_brand-inlab","7":"product_cat-naopuhastus","8":"product_tag-akne-ja-akneilmingud","9":"product_tag-esimesed-kortsud-30","10":"product_tag-kortsud-ja-lotvunud-nahk","11":"product_tag-pigmendiprobleemid","12":"product_tag-rasune-ja-kombineeritud-nahk","13":"product_tag-rosaatsea-ja-kuperroosa","15":"first","16":"instock","17":"sale","18":"taxable","19":"shipping-taxable","20":"purchasable","21":"product-type-simple"},"acf":[],"_links":{"self":[{"href":"https:\/\/test.velvetskin.ee\/fi\/wp-json\/wp\/v2\/product\/3221","targetHints":{"allow":["GET"]}}],"collection":[{"href":"https:\/\/test.velvetskin.ee\/fi\/wp-json\/wp\/v2\/product"}],"about":[{"href":"https:\/\/test.velvetskin.ee\/fi\/wp-json\/wp\/v2\/types\/product"}],"version-history":[{"count":4,"href":"https:\/\/test.velvetskin.ee\/fi\/wp-json\/wp\/v2\/product\/3221\/revisions"}],"predecessor-version":[{"id":4024,"href":"https:\/\/test.velvetskin.ee\/fi\/wp-json\/wp\/v2\/product\/3221\/revisions\/4024"}],"wp:featuredmedia":[{"embeddable":true,"href":"https:\/\/test.velvetskin.ee\/fi\/wp-json\/wp\/v2\/media\/3224"}],"wp:attachment":[{"href":"https:\/\/test.velvetskin.ee\/fi\/wp-json\/wp\/v2\/media?parent=3221"}],"wp:term":[{"taxonomy":"product_brand","embeddable":true,"href":"https:\/\/test.velvetskin.ee\/fi\/wp-json\/wp\/v2\/product_brand?post=3221"},{"taxonomy":"product_cat","embeddable":true,"href":"https:\/\/test.velvetskin.ee\/fi\/wp-json\/wp\/v2\/product_cat?post=3221"},{"taxonomy":"product_tag","embeddable":true,"href":"https:\/\/test.velvetskin.ee\/fi\/wp-json\/wp\/v2\/product_tag?post=3221"}],"curies":[{"name":"wp","href":"https:\/\/api.w.org\/{rel}","templated":true}]}}