{"id":824,"date":"2024-07-09T19:02:05","date_gmt":"2024-07-09T16:02:05","guid":{"rendered":"https:\/\/test.velvetskin.ee\/?post_type=product&#038;p=824"},"modified":"2025-11-25T21:34:08","modified_gmt":"2025-11-25T19:34:08","slug":"shiny-pumpkin-vegan-essence-toner","status":"publish","type":"product","link":"https:\/\/test.velvetskin.ee\/fi\/tuote\/shiny-pumpkin-vegan-essence-toner\/","title":{"rendered":"Shiny Pumpkin Vegan Essence Toner"},"content":{"rendered":"<h4>Kustutab teie naha janu!<\/h4>\n<p>Vee-essentsiga toonik niisutab nahka s\u00fcgavuti, taastades naha optimaalse seisundi.<\/p>\n<p>\u2022 Koostises on 42% k\u00f5rvitsaekstrakti, mis p\u00e4rineb looduses leiduvatest noortest Korea k\u00f5rvitsatest, mis tugevdab naha tervist ja pinguldust.<\/p>\n<p>\u2022 FAU&#8217;s vegan retsept on vee\u2010t\u00fc\u00fcpi essents, mis pakatab niiskusest ja imendub kiiresti, t\u00e4ites hetkega naha ning v\u00e4hendades kuivusetunnet<\/p>\n<p>\u2022 Sobib ka tundlikule nahale\u2010l\u00e4bitud on testid!<\/p>\n<p>\u2022 Taastab naha niiskuse ja PH tasakaalu t\u00e4nu 7 erineva h\u00fcaluroonhappe kompleksile mis imendub s\u00fcgavuti ja tugevdab naha kaitsebarj\u00e4\u00e4ri<\/p>","protected":false},"excerpt":{"rendered":"<p>Kustutab teie naha janu! Vee-essentsiga toonik niisutab nahka s\u00fcgavuti, taastades naha optimaalse seisundi. 130ml<\/p>","protected":false},"featured_media":828,"template":"","meta":{"_acf_changed":false},"product_brand":[158],"product_cat":[166],"product_tag":[182,180,183],"class_list":{"0":"post-824","1":"product","2":"type-product","3":"status-publish","4":"has-post-thumbnail","6":"product_brand-fau","7":"product_cat-naopuhastus","8":"product_tag-kortsud-ja-lotvunud-nahk","9":"product_tag-rosaatsea-ja-kuperroosa","10":"product_tag-tuhm-ja-sara-kaotanud-nahk","12":"first","13":"instock","14":"sale","15":"taxable","16":"shipping-taxable","17":"purchasable","18":"product-type-simple"},"acf":[],"_links":{"self":[{"href":"https:\/\/test.velvetskin.ee\/fi\/wp-json\/wp\/v2\/product\/824","targetHints":{"allow":["GET"]}}],"collection":[{"href":"https:\/\/test.velvetskin.ee\/fi\/wp-json\/wp\/v2\/product"}],"about":[{"href":"https:\/\/test.velvetskin.ee\/fi\/wp-json\/wp\/v2\/types\/product"}],"version-history":[{"count":14,"href":"https:\/\/test.velvetskin.ee\/fi\/wp-json\/wp\/v2\/product\/824\/revisions"}],"predecessor-version":[{"id":3930,"href":"https:\/\/test.velvetskin.ee\/fi\/wp-json\/wp\/v2\/product\/824\/revisions\/3930"}],"wp:featuredmedia":[{"embeddable":true,"href":"https:\/\/test.velvetskin.ee\/fi\/wp-json\/wp\/v2\/media\/828"}],"wp:attachment":[{"href":"https:\/\/test.velvetskin.ee\/fi\/wp-json\/wp\/v2\/media?parent=824"}],"wp:term":[{"taxonomy":"product_brand","embeddable":true,"href":"https:\/\/test.velvetskin.ee\/fi\/wp-json\/wp\/v2\/product_brand?post=824"},{"taxonomy":"product_cat","embeddable":true,"href":"https:\/\/test.velvetskin.ee\/fi\/wp-json\/wp\/v2\/product_cat?post=824"},{"taxonomy":"product_tag","embeddable":true,"href":"https:\/\/test.velvetskin.ee\/fi\/wp-json\/wp\/v2\/product_tag?post=824"}],"curies":[{"name":"wp","href":"https:\/\/api.w.org\/{rel}","templated":true}]}}